{"id":506,"date":"2025-01-27T17:42:46","date_gmt":"2025-01-27T17:42:46","guid":{"rendered":"https:\/\/cineenlasmontanas.com\/?page_id=506"},"modified":"2026-03-05T02:46:50","modified_gmt":"2026-03-05T02:46:50","slug":"equipo","status":"publish","type":"page","link":"https:\/\/cineenlasmontanas.com\/?page_id=506","title":{"rendered":"Equipo"},"content":{"rendered":"\t\t<div data-elementor-type=\"wp-page\" data-elementor-id=\"506\" class=\"elementor elementor-506\">\n\t\t\t\t\t\t<section class=\"elementor-section elementor-top-section elementor-element elementor-element-t2bg6a2 elementor-section-content-middle elementor-reverse-mobile elementor-section-boxed elementor-section-height-default elementor-section-height-default\" data-id=\"t2bg6a2\" data-element_type=\"section\" data-e-type=\"section\" data-settings=\"{&quot;background_background&quot;:&quot;classic&quot;}\">\n\t\t\t\t\t\t\t<div class=\"elementor-background-overlay\"><\/div>\n\t\t\t\t\t\t\t<div class=\"elementor-container elementor-column-gap-default\">\n\t\t\t\t\t<div class=\"elementor-column elementor-col-100 elementor-top-column elementor-element elementor-element-62c0e22\" data-id=\"62c0e22\" data-element_type=\"column\" data-e-type=\"column\">\n\t\t\t<div class=\"elementor-widget-wrap\">\n\t\t\t\t\t\t\t<\/div>\n\t\t<\/div>\n\t\t\t\t\t<\/div>\n\t\t<\/section>\n\t\t<div class=\"elementor-element elementor-element-2153975 e-flex e-con-boxed e-con e-parent\" data-id=\"2153975\" data-element_type=\"container\" data-e-type=\"container\">\n\t\t\t\t\t<div class=\"e-con-inner\">\n\t\t<div class=\"elementor-element elementor-element-58d1e94 e-con-full e-flex e-con e-child\" data-id=\"58d1e94\" data-element_type=\"container\" data-e-type=\"container\">\n\t\t\t\t<div class=\"elementor-element elementor-element-0f3d8bd elementor-widget elementor-widget-image\" data-id=\"0f3d8bd\" data-element_type=\"widget\" data-e-type=\"widget\" data-widget_type=\"image.default\">\n\t\t\t\t<div class=\"elementor-widget-container\">\n\t\t\t\t\t\t\t\t\t\t\t\t\t\t\t<img fetchpriority=\"high\" decoding=\"async\" width=\"489\" height=\"720\" src=\"https:\/\/cineenlasmontanas.com\/wp-content\/uploads\/2025\/05\/Juan-Francisco-Bautista.jpeg\" class=\"attachment-large size-large wp-image-846\" alt=\"\" srcset=\"https:\/\/cineenlasmontanas.com\/wp-content\/uploads\/2025\/05\/Juan-Francisco-Bautista.jpeg 489w, https:\/\/cineenlasmontanas.com\/wp-content\/uploads\/2025\/05\/Juan-Francisco-Bautista-204x300.jpeg 204w\" sizes=\"(max-width: 489px) 100vw, 489px\" \/>\t\t\t\t\t\t\t\t\t\t\t\t\t\t\t<\/div>\n\t\t\t\t<\/div>\n\t\t\t\t<\/div>\n\t\t<div class=\"elementor-element elementor-element-cd21936 e-con-full e-flex e-con e-child\" data-id=\"cd21936\" data-element_type=\"container\" data-e-type=\"container\">\n\t\t\t\t<div class=\"elementor-element elementor-element-2458611 elementor-widget elementor-widget-heading\" data-id=\"2458611\" data-element_type=\"widget\" data-e-type=\"widget\" data-widget_type=\"heading.default\">\n\t\t\t\t<div class=\"elementor-widget-container\">\n\t\t\t\t\t<h2 class=\"elementor-heading-title elementor-size-default\">Juan Francisco Bautista \/ DIRECTOR GENERAL<\/h2>\t\t\t\t<\/div>\n\t\t\t\t<\/div>\n\t\t\t\t<div class=\"elementor-element elementor-element-d146d72 elementor-widget elementor-widget-text-editor\" data-id=\"d146d72\" data-element_type=\"widget\" data-e-type=\"widget\" data-widget_type=\"text-editor.default\">\n\t\t\t\t<div class=\"elementor-widget-container\">\n\t\t\t\t\t\t\t\t\t<p><span style=\"font-weight: 400;\">Es realizador audiovisual, guionista, director de cine y televisi\u00f3n, y editor profesional en todo el campo de la postproducci\u00f3n digital. Egresado de la Escuela de Cine Black Mar\u00eda y con estudios complementarios en la Escuela Nacional del Cine, la Escuela de San Antonio de los Ba\u00f1os en Cuba y el Fondo de Desarrollo Cinematogr\u00e1fico &#8211; Proim\u00e1genes Colombia, ha consolidado una s\u00f3lida trayectoria en el mundo audiovisual.<\/span><\/p><p><span style=\"font-weight: 400;\">Como gestor cultural, ha dirigido diversos proyectos y talleres de formaci\u00f3n y realizaci\u00f3n audiovisual, especialmente con poblaciones vulnerables. Actualmente, se desempe\u00f1a como Consejero Departamental de Cinematograf\u00eda para el Quind\u00edo (2025\u20132028) y es Director de Programaci\u00f3n tanto del Festival Internacional Cine en las Monta\u00f1as como de la Cinemateca del Quind\u00edo. Adem\u00e1s, act\u00faa como representante legal de la Fundaci\u00f3n Festival Internacional Cine en las Monta\u00f1as, y ha liderado proyectos cinematogr\u00e1ficos \u2014entre cortometrajes, largometrajes y series para televisi\u00f3n\u2014 reconocidos mediante est\u00edmulos del Ministerio de Cultura y la Gobernaci\u00f3n del Quind\u00edo. Su experiencia tambi\u00e9n se refleja en su participaci\u00f3n en programas de exhibici\u00f3n auspiciados por entidades como la Gobernaci\u00f3n del Quind\u00edo, la Alcald\u00eda Municipal de Salento y el Ministerio de las Culturas, los Artes y los Saberes, as\u00ed como en su rol como miembro del Consejo de Cinematograf\u00eda del Quind\u00edo (2016\u20132019) y delegado a la asamblea nacional en 2018<\/span><\/p>\t\t\t\t\t\t\t\t<\/div>\n\t\t\t\t<\/div>\n\t\t\t\t<\/div>\n\t\t\t\t\t<\/div>\n\t\t\t\t<\/div>\n\t\t<div class=\"elementor-element elementor-element-8f75cb1 e-flex e-con-boxed e-con e-parent\" data-id=\"8f75cb1\" data-element_type=\"container\" data-e-type=\"container\">\n\t\t\t\t\t<div class=\"e-con-inner\">\n\t\t<div class=\"elementor-element elementor-element-3ac40cc e-con-full e-flex e-con e-child\" data-id=\"3ac40cc\" data-element_type=\"container\" data-e-type=\"container\">\n\t\t\t\t<div class=\"elementor-element elementor-element-a23ca82 elementor-widget elementor-widget-image\" data-id=\"a23ca82\" data-element_type=\"widget\" data-e-type=\"widget\" data-widget_type=\"image.default\">\n\t\t\t\t<div class=\"elementor-widget-container\">\n\t\t\t\t\t\t\t\t\t\t\t\t\t\t\t<img decoding=\"async\" width=\"1024\" height=\"1024\" src=\"https:\/\/cineenlasmontanas.com\/wp-content\/uploads\/2025\/01\/Silvia-Llorente-Productora-General-1024x1024.jpg\" class=\"attachment-large size-large wp-image-521\" alt=\"\" srcset=\"https:\/\/cineenlasmontanas.com\/wp-content\/uploads\/2025\/01\/Silvia-Llorente-Productora-General-1024x1024.jpg 1024w, https:\/\/cineenlasmontanas.com\/wp-content\/uploads\/2025\/01\/Silvia-Llorente-Productora-General-300x300.jpg 300w, https:\/\/cineenlasmontanas.com\/wp-content\/uploads\/2025\/01\/Silvia-Llorente-Productora-General-150x150.jpg 150w, https:\/\/cineenlasmontanas.com\/wp-content\/uploads\/2025\/01\/Silvia-Llorente-Productora-General-768x768.jpg 768w, https:\/\/cineenlasmontanas.com\/wp-content\/uploads\/2025\/01\/Silvia-Llorente-Productora-General.jpg 1080w\" sizes=\"(max-width: 1024px) 100vw, 1024px\" \/>\t\t\t\t\t\t\t\t\t\t\t\t\t\t\t<\/div>\n\t\t\t\t<\/div>\n\t\t\t\t<\/div>\n\t\t<div class=\"elementor-element elementor-element-8f87c62 e-con-full e-flex e-con e-child\" data-id=\"8f87c62\" data-element_type=\"container\" data-e-type=\"container\">\n\t\t\t\t<div class=\"elementor-element elementor-element-1db0e46 elementor-widget elementor-widget-heading\" data-id=\"1db0e46\" data-element_type=\"widget\" data-e-type=\"widget\" data-widget_type=\"heading.default\">\n\t\t\t\t<div class=\"elementor-widget-container\">\n\t\t\t\t\t<h2 class=\"elementor-heading-title elementor-size-default\">Silvia Llorente \/ PRODUCTORA<\/h2>\t\t\t\t<\/div>\n\t\t\t\t<\/div>\n\t\t\t\t<div class=\"elementor-element elementor-element-39d8115 elementor-widget elementor-widget-text-editor\" data-id=\"39d8115\" data-element_type=\"widget\" data-e-type=\"widget\" data-widget_type=\"text-editor.default\">\n\t\t\t\t<div class=\"elementor-widget-container\">\n\t\t\t\t\t\t\t\t\t<p><span style=\"font-weight: 400;\">Gestora Cultural | Directora de Proyectos | Comunicadora Social <\/span><\/p><p><span style=\"font-weight: 400;\">Socia y fundadora de la Fundaci\u00f3n Internacional Cine en las Monta\u00f1as, donde ha liderado la producci\u00f3n general en sus once ediciones. Su trayectoria en gesti\u00f3n cultural y direcci\u00f3n de proyectos ha contribuido al fortalecimiento del cine y la cultura en espacios de alto impacto.<\/span><\/p><p><span style=\"font-weight: 400;\">Comprometida con la promoci\u00f3n del arte y la comunicaci\u00f3n, impulsa iniciativas que conectan comunidades a nivel local e internacional.<\/span><\/p>\t\t\t\t\t\t\t\t<\/div>\n\t\t\t\t<\/div>\n\t\t\t\t<\/div>\n\t\t\t\t\t<\/div>\n\t\t\t\t<\/div>\n\t\t<div class=\"elementor-element elementor-element-fe0874b e-con-full e-flex e-con e-parent\" data-id=\"fe0874b\" data-element_type=\"container\" data-e-type=\"container\">\n\t\t\t\t<div class=\"elementor-element elementor-element-4487955 elementor-widget elementor-widget-heading\" data-id=\"4487955\" data-element_type=\"widget\" data-e-type=\"widget\" data-widget_type=\"heading.default\">\n\t\t\t\t<div class=\"elementor-widget-container\">\n\t\t\t\t\t<h2 class=\"elementor-heading-title elementor-size-default\">Nuestros patrocinadores<\/h2>\t\t\t\t<\/div>\n\t\t\t\t<\/div>\n\t\t\t\t<div class=\"elementor-element elementor-element-5d14cfc elementor-widget__width-inherit elementor-widget elementor-widget-image\" data-id=\"5d14cfc\" data-element_type=\"widget\" data-e-type=\"widget\" data-widget_type=\"image.default\">\n\t\t\t\t<div class=\"elementor-widget-container\">\n\t\t\t\t\t\t\t\t\t\t\t\t\t\t\t<img decoding=\"async\" width=\"1024\" height=\"576\" src=\"https:\/\/cineenlasmontanas.com\/wp-content\/uploads\/2025\/06\/BANNER-LOGOS-12-06-2025-actualizados-reducido-02-1024x576.png\" class=\"attachment-large size-large wp-image-994\" alt=\"\" srcset=\"https:\/\/cineenlasmontanas.com\/wp-content\/uploads\/2025\/06\/BANNER-LOGOS-12-06-2025-actualizados-reducido-02-1024x576.png 1024w, https:\/\/cineenlasmontanas.com\/wp-content\/uploads\/2025\/06\/BANNER-LOGOS-12-06-2025-actualizados-reducido-02-300x169.png 300w, https:\/\/cineenlasmontanas.com\/wp-content\/uploads\/2025\/06\/BANNER-LOGOS-12-06-2025-actualizados-reducido-02-768x432.png 768w, https:\/\/cineenlasmontanas.com\/wp-content\/uploads\/2025\/06\/BANNER-LOGOS-12-06-2025-actualizados-reducido-02.png 1441w\" sizes=\"(max-width: 1024px) 100vw, 1024px\" \/>\t\t\t\t\t\t\t\t\t\t\t\t\t\t\t<\/div>\n\t\t\t\t<\/div>\n\t\t\t\t<\/div>\n\t\t\t\t<\/div>\n\t\t","protected":false},"excerpt":{"rendered":"<p>Juan Francisco Bautista \/ DIRECTOR GENERAL Es realizador audiovisual, guionista, director de cine y televisi\u00f3n, y editor profesional en todo [&hellip;]<\/p>\n","protected":false},"author":1,"featured_media":0,"parent":0,"menu_order":0,"comment_status":"closed","ping_status":"closed","template":"","meta":{"site-sidebar-layout":"no-sidebar","site-content-layout":"","ast-site-content-layout":"full-width-container","site-content-style":"default","site-sidebar-style":"default","ast-global-header-display":"","ast-banner-title-visibility":"","ast-main-header-display":"","ast-hfb-above-header-display":"","ast-hfb-below-header-display":"","ast-hfb-mobile-header-display":"","site-post-title":"disabled","ast-breadcrumbs-content":"","ast-featured-img":"disabled","footer-sml-layout":"","theme-transparent-header-meta":"","adv-header-id-meta":"","stick-header-meta":"","header-above-stick-meta":"","header-main-stick-meta":"","header-below-stick-meta":"","astra-migrate-meta-layouts":"default","ast-page-background-enabled":"default","ast-page-background-meta":{"desktop":{"background-color":"var(--ast-global-color-5)","background-image":"","background-repeat":"repeat","background-position":"center center","background-size":"auto","background-attachment":"scroll","background-type":"","background-media":"","overlay-type":"","overlay-color":"","overlay-opacity":"","overlay-gradient":""},"tablet":{"background-color":"","background-image":"","background-repeat":"repeat","background-position":"center center","background-size":"auto","background-attachment":"scroll","background-type":"","background-media":"","overlay-type":"","overlay-color":"","overlay-opacity":"","overlay-gradient":""},"mobile":{"background-color":"","background-image":"","background-repeat":"repeat","background-position":"center center","background-size":"auto","background-attachment":"scroll","background-type":"","background-media":"","overlay-type":"","overlay-color":"","overlay-opacity":"","overlay-gradient":""}},"ast-content-background-meta":{"desktop":{"background-color":"var(--ast-global-color-4)","background-image":"","background-repeat":"repeat","background-position":"center center","background-size":"auto","background-attachment":"scroll","background-type":"","background-media":"","overlay-type":"","overlay-color":"","overlay-opacity":"","overlay-gradient":""},"tablet":{"background-color":"var(--ast-global-color-4)","background-image":"","background-repeat":"repeat","background-position":"center center","background-size":"auto","background-attachment":"scroll","background-type":"","background-media":"","overlay-type":"","overlay-color":"","overlay-opacity":"","overlay-gradient":""},"mobile":{"background-color":"var(--ast-global-color-4)","background-image":"","background-repeat":"repeat","background-position":"center center","background-size":"auto","background-attachment":"scroll","background-type":"","background-media":"","overlay-type":"","overlay-color":"","overlay-opacity":"","overlay-gradient":""}},"footnotes":""},"class_list":["post-506","page","type-page","status-publish","hentry"],"_links":{"self":[{"href":"https:\/\/cineenlasmontanas.com\/index.php?rest_route=\/wp\/v2\/pages\/506","targetHints":{"allow":["GET"]}}],"collection":[{"href":"https:\/\/cineenlasmontanas.com\/index.php?rest_route=\/wp\/v2\/pages"}],"about":[{"href":"https:\/\/cineenlasmontanas.com\/index.php?rest_route=\/wp\/v2\/types\/page"}],"author":[{"embeddable":true,"href":"https:\/\/cineenlasmontanas.com\/index.php?rest_route=\/wp\/v2\/users\/1"}],"replies":[{"embeddable":true,"href":"https:\/\/cineenlasmontanas.com\/index.php?rest_route=%2Fwp%2Fv2%2Fcomments&post=506"}],"version-history":[{"count":40,"href":"https:\/\/cineenlasmontanas.com\/index.php?rest_route=\/wp\/v2\/pages\/506\/revisions"}],"predecessor-version":[{"id":1284,"href":"https:\/\/cineenlasmontanas.com\/index.php?rest_route=\/wp\/v2\/pages\/506\/revisions\/1284"}],"wp:attachment":[{"href":"https:\/\/cineenlasmontanas.com\/index.php?rest_route=%2Fwp%2Fv2%2Fmedia&parent=506"}],"curies":[{"name":"wp","href":"https:\/\/api.w.org\/{rel}","templated":true}]}}