{"id":1149,"date":"2025-11-15T13:52:39","date_gmt":"2025-11-15T13:52:39","guid":{"rendered":"https:\/\/cineenlasmontanas.com\/?page_id=1149"},"modified":"2025-11-19T18:22:38","modified_gmt":"2025-11-19T18:22:38","slug":"mercado-audiovisual-del-paisaje-cultural-cafetero","status":"publish","type":"page","link":"https:\/\/cineenlasmontanas.com\/?page_id=1149","title":{"rendered":"Mercado Audiovisual del Paisaje Cultural Cafetero"},"content":{"rendered":"\t\t<div data-elementor-type=\"wp-page\" data-elementor-id=\"1149\" class=\"elementor elementor-1149\">\n\t\t\t\t<div class=\"elementor-element elementor-element-01cf6ba e-con-full e-flex e-con e-parent\" data-id=\"01cf6ba\" data-element_type=\"container\" data-e-type=\"container\" data-settings=\"{&quot;background_background&quot;:&quot;classic&quot;}\">\n\t\t\t\t<\/div>\n\t\t<div class=\"elementor-element elementor-element-d832921 e-con-full e-flex e-con e-parent\" data-id=\"d832921\" data-element_type=\"container\" data-e-type=\"container\">\n\t\t<div class=\"elementor-element elementor-element-7361bc5 e-con-full e-flex e-con e-child\" data-id=\"7361bc5\" data-element_type=\"container\" data-e-type=\"container\">\n\t\t\t\t<div class=\"elementor-element elementor-element-f30fb84 elementor-align-justify elementor-widget elementor-widget-button\" data-id=\"f30fb84\" data-element_type=\"widget\" data-e-type=\"widget\" data-widget_type=\"button.default\">\n\t\t\t\t<div class=\"elementor-widget-container\">\n\t\t\t\t\t\t\t\t\t<div class=\"elementor-button-wrapper\">\n\t\t\t\t\t<a class=\"elementor-button elementor-button-link elementor-size-sm elementor-animation-float\" href=\"https:\/\/ugc.production.linktr.ee\/547ff084-c728-4528-abc5-a90fe151562b_-4-MAP-PROGRAMACIN-NOV-2025--VI-LOW.pdf\">\n\t\t\t\t\t\t<span class=\"elementor-button-content-wrapper\">\n\t\t\t\t\t\t\t\t\t<span class=\"elementor-button-text\">Programaci\u00f3n<\/span>\n\t\t\t\t\t<\/span>\n\t\t\t\t\t<\/a>\n\t\t\t\t<\/div>\n\t\t\t\t\t\t\t\t<\/div>\n\t\t\t\t<\/div>\n\t\t\t\t<\/div>\n\t\t<div class=\"elementor-element elementor-element-abc35a0 e-con-full e-flex e-con e-child\" data-id=\"abc35a0\" data-element_type=\"container\" data-e-type=\"container\">\n\t\t\t\t<div class=\"elementor-element elementor-element-356d634 elementor-align-justify elementor-widget elementor-widget-button\" data-id=\"356d634\" data-element_type=\"widget\" data-e-type=\"widget\" data-widget_type=\"button.default\">\n\t\t\t\t<div class=\"elementor-widget-container\">\n\t\t\t\t\t\t\t\t\t<div class=\"elementor-button-wrapper\">\n\t\t\t\t\t<a class=\"elementor-button elementor-button-link elementor-size-sm elementor-animation-float\" href=\"https:\/\/docs.google.com\/forms\/d\/e\/1FAIpQLSfgeaJaHFfZsjvsTJJ0TyrCLpCezHQzcRUN_uOidwzngtBjkg\/viewform\">\n\t\t\t\t\t\t<span class=\"elementor-button-content-wrapper\">\n\t\t\t\t\t\t\t\t\t<span class=\"elementor-button-text\">Inscr\u00edbete tu largo aqu\u00ed<\/span>\n\t\t\t\t\t<\/span>\n\t\t\t\t\t<\/a>\n\t\t\t\t<\/div>\n\t\t\t\t\t\t\t\t<\/div>\n\t\t\t\t<\/div>\n\t\t\t\t<\/div>\n\t\t<div class=\"elementor-element elementor-element-80fcc4b e-con-full e-flex e-con e-child\" data-id=\"80fcc4b\" data-element_type=\"container\" data-e-type=\"container\">\n\t\t\t\t<div class=\"elementor-element elementor-element-aa28b5c elementor-align-justify elementor-widget elementor-widget-button\" data-id=\"aa28b5c\" data-element_type=\"widget\" data-e-type=\"widget\" data-widget_type=\"button.default\">\n\t\t\t\t<div class=\"elementor-widget-container\">\n\t\t\t\t\t\t\t\t\t<div class=\"elementor-button-wrapper\">\n\t\t\t\t\t<a class=\"elementor-button elementor-button-link elementor-size-sm elementor-animation-float\" href=\"https:\/\/www.instagram.com\/p\/DO6Pf39AEj_\">\n\t\t\t\t\t\t<span class=\"elementor-button-content-wrapper\">\n\t\t\t\t\t\t\t\t\t<span class=\"elementor-button-text\">\u00bfDonde es?<\/span>\n\t\t\t\t\t<\/span>\n\t\t\t\t\t<\/a>\n\t\t\t\t<\/div>\n\t\t\t\t\t\t\t\t<\/div>\n\t\t\t\t<\/div>\n\t\t\t\t<\/div>\n\t\t\t\t<\/div>\n\t\t<div class=\"elementor-element elementor-element-ysecohq e-con-full e-flex e-con e-parent\" data-id=\"ysecohq\" data-element_type=\"container\" data-e-type=\"container\">\n\t\t<div class=\"elementor-element elementor-element-89a7aec e-con-full e-flex e-con e-child\" data-id=\"89a7aec\" data-element_type=\"container\" data-e-type=\"container\">\n\t\t\t\t<div class=\"elementor-element elementor-element-a01f0dc elementor-widget elementor-widget-heading\" data-id=\"a01f0dc\" data-element_type=\"widget\" data-e-type=\"widget\" data-widget_type=\"heading.default\">\n\t\t\t\t<div class=\"elementor-widget-container\">\n\t\t\t\t\t<h2 class=\"elementor-heading-title elementor-size-default\">Nuestra 4ta versi\u00f3n<\/h2>\t\t\t\t<\/div>\n\t\t\t\t<\/div>\n\t\t\t\t<div class=\"elementor-element elementor-element-c43b3dd elementor-widget-divider--view-line elementor-widget elementor-widget-divider\" data-id=\"c43b3dd\" data-element_type=\"widget\" data-e-type=\"widget\" data-widget_type=\"divider.default\">\n\t\t\t\t<div class=\"elementor-widget-container\">\n\t\t\t\t\t\t\t<div class=\"elementor-divider\">\n\t\t\t<span class=\"elementor-divider-separator\">\n\t\t\t\t\t\t<\/span>\n\t\t<\/div>\n\t\t\t\t\t\t<\/div>\n\t\t\t\t<\/div>\n\t\t\t\t<div class=\"elementor-element elementor-element-e871351 elementor-widget elementor-widget-text-editor\" data-id=\"e871351\" data-element_type=\"widget\" data-e-type=\"widget\" data-widget_type=\"text-editor.default\">\n\t\t\t\t<div class=\"elementor-widget-container\">\n\t\t\t\t\t\t\t\t\t<p data-start=\"390\" data-end=\"596\">El <strong data-start=\"393\" data-end=\"446\">Mercado Audiovisual del Paisaje Cultural Cafetero<\/strong> llega a su <strong data-start=\"458\" data-end=\"476\">cuarta edici\u00f3n<\/strong> consolid\u00e1ndose como un espacio esencial para la formaci\u00f3n, la conexi\u00f3n y la promoci\u00f3n del cine hecho en nuestra regi\u00f3n.<\/p><p data-start=\"598\" data-end=\"890\">Durante tres d\u00edas, <strong data-start=\"617\" data-end=\"652\">Salento, el coraz\u00f3n del Quind\u00edo<\/strong>, se convertir\u00e1 en un punto de encuentro para creadores, productores, estudiantes, gestores culturales y amantes del cine, que buscan fortalecer la identidad audiovisual del Eje Cafetero y potenciar su proyecci\u00f3n nacional e internacional.<\/p>\t\t\t\t\t\t\t\t<\/div>\n\t\t\t\t<\/div>\n\t\t\t\t<\/div>\n\t\t<div class=\"elementor-element elementor-element-e8e4600 e-con-full e-flex e-con e-child\" data-id=\"e8e4600\" data-element_type=\"container\" data-e-type=\"container\">\n\t\t\t\t<div class=\"elementor-element elementor-element-6060d91 elementor-widget elementor-widget-image\" data-id=\"6060d91\" data-element_type=\"widget\" data-e-type=\"widget\" data-widget_type=\"image.default\">\n\t\t\t\t<div class=\"elementor-widget-container\">\n\t\t\t\t\t\t\t\t\t\t\t\t\t\t\t<img fetchpriority=\"high\" decoding=\"async\" width=\"2049\" height=\"2560\" src=\"https:\/\/cineenlasmontanas.com\/wp-content\/uploads\/2025\/11\/4MAPCC-POST-OFICIAL-1350X1080_-scaled.png\" class=\"elementor-animation-float attachment-full size-full wp-image-1200\" alt=\"\" srcset=\"https:\/\/cineenlasmontanas.com\/wp-content\/uploads\/2025\/11\/4MAPCC-POST-OFICIAL-1350X1080_-scaled.png 2049w, https:\/\/cineenlasmontanas.com\/wp-content\/uploads\/2025\/11\/4MAPCC-POST-OFICIAL-1350X1080_-240x300.png 240w, https:\/\/cineenlasmontanas.com\/wp-content\/uploads\/2025\/11\/4MAPCC-POST-OFICIAL-1350X1080_-819x1024.png 819w, https:\/\/cineenlasmontanas.com\/wp-content\/uploads\/2025\/11\/4MAPCC-POST-OFICIAL-1350X1080_-768x960.png 768w, https:\/\/cineenlasmontanas.com\/wp-content\/uploads\/2025\/11\/4MAPCC-POST-OFICIAL-1350X1080_-1229x1536.png 1229w, https:\/\/cineenlasmontanas.com\/wp-content\/uploads\/2025\/11\/4MAPCC-POST-OFICIAL-1350X1080_-1639x2048.png 1639w\" sizes=\"(max-width: 2049px) 100vw, 2049px\" \/>\t\t\t\t\t\t\t\t\t\t\t\t\t\t\t<\/div>\n\t\t\t\t<\/div>\n\t\t\t\t<\/div>\n\t\t\t\t<\/div>\n\t\t<div class=\"elementor-element elementor-element-g8dks9w e-flex e-con-boxed e-con e-parent\" data-id=\"g8dks9w\" data-element_type=\"container\" data-e-type=\"container\">\n\t\t\t\t\t<div class=\"e-con-inner\">\n\t\t<div class=\"elementor-element elementor-element-c48d12f e-con-full e-flex e-con e-child\" data-id=\"c48d12f\" data-element_type=\"container\" data-e-type=\"container\">\n\t\t\t\t<div class=\"elementor-element elementor-element-491f841 elementor-widget elementor-widget-heading\" data-id=\"491f841\" data-element_type=\"widget\" data-e-type=\"widget\" data-widget_type=\"heading.default\">\n\t\t\t\t<div class=\"elementor-widget-container\">\n\t\t\t\t\t<h4 class=\"elementor-heading-title elementor-size-default\">MAPCC<\/h4>\t\t\t\t<\/div>\n\t\t\t\t<\/div>\n\t\t\t\t<div class=\"elementor-element elementor-element-7beb61e elementor-widget-divider--view-line elementor-widget elementor-widget-divider\" data-id=\"7beb61e\" data-element_type=\"widget\" data-e-type=\"widget\" data-widget_type=\"divider.default\">\n\t\t\t\t<div class=\"elementor-widget-container\">\n\t\t\t\t\t\t\t<div class=\"elementor-divider\">\n\t\t\t<span class=\"elementor-divider-separator\">\n\t\t\t\t\t\t<\/span>\n\t\t<\/div>\n\t\t\t\t\t\t<\/div>\n\t\t\t\t<\/div>\n\t\t\t\t<div class=\"elementor-element elementor-element-c5cd51e elementor-widget elementor-widget-text-editor\" data-id=\"c5cd51e\" data-element_type=\"widget\" data-e-type=\"widget\" data-widget_type=\"text-editor.default\">\n\t\t\t\t<div class=\"elementor-widget-container\">\n\t\t\t\t\t\t\t\t\t<p data-start=\"1308\" data-end=\"1540\">El <strong data-start=\"1311\" data-end=\"1364\">Mercado Audiovisual del Paisaje Cultural Cafetero<\/strong> busca <strong data-start=\"1371\" data-end=\"1457\">impulsar los mecanismos que fortalecen la creaci\u00f3n y circulaci\u00f3n del cine regional<\/strong>, fomentando la articulaci\u00f3n entre instituciones, empresas, realizadores y p\u00fablico.<\/p><p data-start=\"1542\" data-end=\"1658\">Este encuentro es una invitaci\u00f3n a seguir cultivando cine desde nuestras monta\u00f1as, nuestras voces y nuestras ra\u00edces.<\/p>\t\t\t\t\t\t\t\t<\/div>\n\t\t\t\t<\/div>\n\t\t\t\t<\/div>\n\t\t<div class=\"elementor-element elementor-element-d47d4cd e-con-full e-flex e-con e-child\" data-id=\"d47d4cd\" data-element_type=\"container\" data-e-type=\"container\">\n\t\t\t\t<div class=\"elementor-element elementor-element-bf795e2 elementor-widget elementor-widget-heading\" data-id=\"bf795e2\" data-element_type=\"widget\" data-e-type=\"widget\" data-widget_type=\"heading.default\">\n\t\t\t\t<div class=\"elementor-widget-container\">\n\t\t\t\t\t<h4 class=\"elementor-heading-title elementor-size-default\">El evento contar\u00e1 con<\/h4>\t\t\t\t<\/div>\n\t\t\t\t<\/div>\n\t\t\t\t<div class=\"elementor-element elementor-element-ae16dd8 elementor-widget-divider--view-line elementor-widget elementor-widget-divider\" data-id=\"ae16dd8\" data-element_type=\"widget\" data-e-type=\"widget\" data-widget_type=\"divider.default\">\n\t\t\t\t<div class=\"elementor-widget-container\">\n\t\t\t\t\t\t\t<div class=\"elementor-divider\">\n\t\t\t<span class=\"elementor-divider-separator\">\n\t\t\t\t\t\t<\/span>\n\t\t<\/div>\n\t\t\t\t\t\t<\/div>\n\t\t\t\t<\/div>\n\t\t\t\t<div class=\"elementor-element elementor-element-8c4a333 elementor-widget elementor-widget-text-editor\" data-id=\"8c4a333\" data-element_type=\"widget\" data-e-type=\"widget\" data-widget_type=\"text-editor.default\">\n\t\t\t\t<div class=\"elementor-widget-container\">\n\t\t\t\t\t\t\t\t\t<ul data-start=\"915\" data-end=\"1306\"><li data-start=\"915\" data-end=\"1010\"><p data-start=\"917\" data-end=\"1010\"><strong data-start=\"917\" data-end=\"940\">Talleres formativos<\/strong> en producci\u00f3n, guion, direcci\u00f3n, sonido, fotograf\u00eda y distribuci\u00f3n.<\/p><\/li><li data-start=\"915\" data-end=\"1010\"><p data-start=\"917\" data-end=\"1010\"><strong data-start=\"1013\" data-end=\"1034\">Charlas y paneles<\/strong> con expertos de la industria cinematogr\u00e1fica colombiana.<\/p><\/li><li data-start=\"1094\" data-end=\"1211\"><p data-start=\"1096\" data-end=\"1211\"><strong data-start=\"1096\" data-end=\"1126\">Exhibiciones audiovisuales<\/strong> que muestran el talento y las historias que nacen en el Paisaje Cultural Cafetero.<\/p><\/li><li data-start=\"1212\" data-end=\"1306\"><p data-start=\"1214\" data-end=\"1306\">Espacios para <strong data-start=\"1228\" data-end=\"1257\">networking y coproducci\u00f3n<\/strong>, donde se construir\u00e1n nuevas alianzas creativas.<\/p><\/li><\/ul>\t\t\t\t\t\t\t\t<\/div>\n\t\t\t\t<\/div>\n\t\t\t\t<\/div>\n\t\t\t\t\t<\/div>\n\t\t\t\t<\/div>\n\t\t\t\t<\/div>\n\t\t","protected":false},"excerpt":{"rendered":"<p>Programaci\u00f3n Inscr\u00edbete tu largo aqu\u00ed \u00bfDonde es? Nuestra 4ta versi\u00f3n El Mercado Audiovisual del Paisaje Cultural Cafetero llega a su [&hellip;]<\/p>\n","protected":false},"author":1,"featured_media":0,"parent":0,"menu_order":0,"comment_status":"closed","ping_status":"closed","template":"elementor_header_footer","meta":{"site-sidebar-layout":"default","site-content-layout":"","ast-site-content-layout":"","site-content-style":"default","site-sidebar-style":"default","ast-global-header-display":"","ast-banner-title-visibility":"","ast-main-header-display":"","ast-hfb-above-header-display":"","ast-hfb-below-header-display":"","ast-hfb-mobile-header-display":"","site-post-title":"disabled","ast-breadcrumbs-content":"","ast-featured-img":"","footer-sml-layout":"","theme-transparent-header-meta":"","adv-header-id-meta":"","stick-header-meta":"","header-above-stick-meta":"","header-main-stick-meta":"","header-below-stick-meta":"","astra-migrate-meta-layouts":"default","ast-page-background-enabled":"default","ast-page-background-meta":{"desktop":{"background-color":"var(--ast-global-color-5)","background-image":"","background-repeat":"repeat","background-position":"center center","background-size":"auto","background-attachment":"scroll","background-type":"","background-media":"","overlay-type":"","overlay-color":"","overlay-opacity":"","overlay-gradient":""},"tablet":{"background-color":"","background-image":"","background-repeat":"repeat","background-position":"center center","background-size":"auto","background-attachment":"scroll","background-type":"","background-media":"","overlay-type":"","overlay-color":"","overlay-opacity":"","overlay-gradient":""},"mobile":{"background-color":"","background-image":"","background-repeat":"repeat","background-position":"center center","background-size":"auto","background-attachment":"scroll","background-type":"","background-media":"","overlay-type":"","overlay-color":"","overlay-opacity":"","overlay-gradient":""}},"ast-content-background-meta":{"desktop":{"background-color":"var(--ast-global-color-4)","background-image":"","background-repeat":"repeat","background-position":"center center","background-size":"auto","background-attachment":"scroll","background-type":"","background-media":"","overlay-type":"","overlay-color":"","overlay-opacity":"","overlay-gradient":""},"tablet":{"background-color":"var(--ast-global-color-4)","background-image":"","background-repeat":"repeat","background-position":"center center","background-size":"auto","background-attachment":"scroll","background-type":"","background-media":"","overlay-type":"","overlay-color":"","overlay-opacity":"","overlay-gradient":""},"mobile":{"background-color":"var(--ast-global-color-4)","background-image":"","background-repeat":"repeat","background-position":"center center","background-size":"auto","background-attachment":"scroll","background-type":"","background-media":"","overlay-type":"","overlay-color":"","overlay-opacity":"","overlay-gradient":""}},"footnotes":""},"class_list":["post-1149","page","type-page","status-publish","hentry"],"_links":{"self":[{"href":"https:\/\/cineenlasmontanas.com\/index.php?rest_route=\/wp\/v2\/pages\/1149","targetHints":{"allow":["GET"]}}],"collection":[{"href":"https:\/\/cineenlasmontanas.com\/index.php?rest_route=\/wp\/v2\/pages"}],"about":[{"href":"https:\/\/cineenlasmontanas.com\/index.php?rest_route=\/wp\/v2\/types\/page"}],"author":[{"embeddable":true,"href":"https:\/\/cineenlasmontanas.com\/index.php?rest_route=\/wp\/v2\/users\/1"}],"replies":[{"embeddable":true,"href":"https:\/\/cineenlasmontanas.com\/index.php?rest_route=%2Fwp%2Fv2%2Fcomments&post=1149"}],"version-history":[{"count":45,"href":"https:\/\/cineenlasmontanas.com\/index.php?rest_route=\/wp\/v2\/pages\/1149\/revisions"}],"predecessor-version":[{"id":1238,"href":"https:\/\/cineenlasmontanas.com\/index.php?rest_route=\/wp\/v2\/pages\/1149\/revisions\/1238"}],"wp:attachment":[{"href":"https:\/\/cineenlasmontanas.com\/index.php?rest_route=%2Fwp%2Fv2%2Fmedia&parent=1149"}],"curies":[{"name":"wp","href":"https:\/\/api.w.org\/{rel}","templated":true}]}}